{"id":963,"date":"2020-06-20T01:26:06","date_gmt":"2020-06-19T23:26:06","guid":{"rendered":"https:\/\/itgespub.net\/?page_id=963"},"modified":"2025-01-30T23:15:52","modified_gmt":"2025-01-30T21:15:52","slug":"proyectos","status":"publish","type":"page","link":"https:\/\/itgespub.net\/en\/proyectos\/","title":{"rendered":"Projects"},"content":{"rendered":"<div data-elementor-type=\"wp-page\" data-elementor-id=\"963\" class=\"elementor elementor-963\">\n\t\t\t\t\t\t<section class=\"elementor-section elementor-top-section elementor-element elementor-element-39bf06d elementor-section-boxed elementor-section-height-default elementor-section-height-default\" data-id=\"39bf06d\" data-element_type=\"section\" data-e-type=\"section\">\n\t\t\t\t\t\t<div class=\"elementor-container elementor-column-gap-default\">\n\t\t\t\t\t<div class=\"elementor-column elementor-col-100 elementor-top-column elementor-element elementor-element-68ac36a\" data-id=\"68ac36a\" data-element_type=\"column\" data-e-type=\"column\">\n\t\t\t<div class=\"elementor-widget-wrap elementor-element-populated\">\n\t\t\t\t\t\t<div class=\"elementor-element elementor-element-b052560 elementor-widget elementor-widget-text-editor\" data-id=\"b052560\" data-element_type=\"widget\" data-e-type=\"widget\" data-widget_type=\"text-editor.default\">\n\t\t\t\t<div class=\"elementor-widget-container\">\n\t\t\t\t\t\t\t\t\t<p>Our team is developing, or has developed, research projects of competitive public funding, and other transfer\/innovation collaborations with public, private, and third sector organizations.<\/p>\t\t\t\t\t\t\t\t<\/div>\n\t\t\t\t<\/div>\n\t\t\t\t\t<\/div>\n\t\t<\/div>\n\t\t\t\t\t<\/div>\n\t\t<\/section>\n\t\t\t\t<section class=\"elementor-section elementor-top-section elementor-element elementor-element-e487ce0 elementor-section-boxed elementor-section-height-default elementor-section-height-default\" data-id=\"e487ce0\" data-element_type=\"section\" data-e-type=\"section\">\n\t\t\t\t\t\t<div class=\"elementor-container elementor-column-gap-default\">\n\t\t\t\t\t<div class=\"elementor-column elementor-col-100 elementor-top-column elementor-element elementor-element-3b4101e\" data-id=\"3b4101e\" data-element_type=\"column\" data-e-type=\"column\">\n\t\t\t<div class=\"elementor-widget-wrap elementor-element-populated\">\n\t\t\t\t\t\t<div class=\"elementor-element elementor-element-1c908f8 elementor-widget elementor-widget-image\" data-id=\"1c908f8\" data-element_type=\"widget\" data-e-type=\"widget\" data-widget_type=\"image.default\">\n\t\t\t\t<div class=\"elementor-widget-container\">\n\t\t\t\t\t\t\t\t\t\t\t\t\t\t\t<img fetchpriority=\"high\" decoding=\"async\" width=\"708\" height=\"336\" src=\"https:\/\/itgespub.net\/wp-content\/uploads\/2023\/11\/SKRR6363-e1700040677609.jpg\" class=\"attachment-full size-full wp-image-2173\" alt=\"\" srcset=\"https:\/\/itgespub.net\/wp-content\/uploads\/2023\/11\/SKRR6363-e1700040677609.jpg 708w, https:\/\/itgespub.net\/wp-content\/uploads\/2023\/11\/SKRR6363-e1700040677609-300x142.jpg 300w, https:\/\/itgespub.net\/wp-content\/uploads\/2023\/11\/SKRR6363-e1700040677609-18x9.jpg 18w, https:\/\/itgespub.net\/wp-content\/uploads\/2023\/11\/SKRR6363-e1700040677609-230x109.jpg 230w, https:\/\/itgespub.net\/wp-content\/uploads\/2023\/11\/SKRR6363-e1700040677609-350x166.jpg 350w, https:\/\/itgespub.net\/wp-content\/uploads\/2023\/11\/SKRR6363-e1700040677609-480x228.jpg 480w\" sizes=\"(max-width: 708px) 100vw, 708px\" \/>\t\t\t\t\t\t\t\t\t\t\t\t\t\t\t<\/div>\n\t\t\t\t<\/div>\n\t\t\t\t<div class=\"elementor-element elementor-element-496d348 elementor-tabs-view-horizontal elementor-widget elementor-widget-tabs\" data-id=\"496d348\" data-element_type=\"widget\" data-e-type=\"widget\" data-widget_type=\"tabs.default\">\n\t\t\t\t<div class=\"elementor-widget-container\">\n\t\t\t\t\t\t\t<div class=\"elementor-tabs\">\n\t\t\t<div class=\"elementor-tabs-wrapper\" role=\"tablist\" >\n\t\t\t\t\t\t\t\t\t<div id=\"elementor-tab-title-7691\" class=\"elementor-tab-title elementor-tab-desktop-title\" aria-selected=\"true\" data-tab=\"1\" role=\"tab\" tabindex=\"0\" aria-controls=\"elementor-tab-content-7691\" aria-expanded=\"false\">Research Projects<\/div>\n\t\t\t\t\t\t\t\t\t<div id=\"elementor-tab-title-7692\" class=\"elementor-tab-title elementor-tab-desktop-title\" aria-selected=\"false\" data-tab=\"2\" role=\"tab\" tabindex=\"-1\" aria-controls=\"elementor-tab-content-7692\" aria-expanded=\"false\">Transference<\/div>\n\t\t\t\t\t\t\t<\/div>\n\t\t\t<div class=\"elementor-tabs-content-wrapper\" role=\"tablist\" aria-orientation=\"vertical\">\n\t\t\t\t\t\t\t\t\t<div class=\"elementor-tab-title elementor-tab-mobile-title\" aria-selected=\"true\" data-tab=\"1\" role=\"tab\" tabindex=\"0\" aria-controls=\"elementor-tab-content-7691\" aria-expanded=\"false\">Research Projects<\/div>\n\t\t\t\t\t<div id=\"elementor-tab-content-7691\" class=\"elementor-tab-content elementor-clearfix\" data-tab=\"1\" role=\"tabpanel\" aria-labelledby=\"elementor-tab-title-7691\" tabindex=\"0\" hidden=\"false\"><p><a href=\"https:\/\/itgespub.net\/en\/ai_publicgov\/\" target=\"_blank\">Abriendo la caja negra de la gobernanza p\u00fablica mediada por algoritmos. Implicaciones de la Inteligencia Artificial en gobiernos, servicios p\u00fablicos y personas (AI_PUBLICGOV)<\/a>.<\/p><p><a href=\"https:\/\/itgespub.net\/en\/proyecto_alternativas_ai_luciaariana\/\" target=\"_blank\">El papel de la Inteligencia Artificial en la igualdad de g\u00e9nero: un an\u00e1lisis comparado entre la UE, Suecia y Espa\u00f1a.<\/a><br><\/p>\n<p><a href=\"https:\/\/itgespub.net\/en\/smartgov_local\/\" target=\"_blank\">Gobernanza p\u00fablica local a trav\u00e9s de tecnolog\u00edas para la transparencia, participaci\u00f3n e innovaci\u00f3n p\u00fablica. \u00bfHacia una nueva gobernanza inteligente local? (SMARTGOV_LOCAL).<\/a><\/p>\n<div>\n<p><a href=\"https:\/\/redcllc.culturadelalegalidad.net\/#events_container\" target=\"_blank\">Red de Investigaci\u00f3n Cultura de la Legalidad y Lucha contra la Corrupci\u00f3n.<\/a><\/p>\n<p><a href=\"https:\/\/culturadelalegalidad.net\" target=\"_blank\">Programa Interuniversitario en Cultura de la Legalidad (ON TRUST-CM).<\/a><br><\/p>\n<p><a href=\"https:\/\/itgespub.net\/en\/inap_externalizacion_anne\/\" target=\"_blank\">La capacidad gerencial en los casos de externalizaci\u00f3n de servicios. Un an\u00e1lisis de las habilidades de los actores p\u00fablicos y privados en el \u00e1mbito local.&nbsp;<\/a><\/p>\n<p><a href=\"https:\/\/newtrust-cm.culturadelalegalidad.net\" target=\"_blank\">Cultura de la Legalidad-New TRUST.<\/a><\/p>\n<p><a href=\"https:\/\/itgespub.net\/en\/socialgovnet\/\" target=\"_blank\">Gobernanza Inteligente de las Redes Sociales Digitales en las Administraciones Locales de la Uni\u00f3n Europea. Estrategias de Implementaci\u00f3n, Factores de \u00c9xito y Modelos de Servicio P\u00fablico en Espa\u00f1a, Pa\u00edses Bajos, Reino Unido y Suecia (#SocialGovNet).&nbsp;<\/a><\/p>\n<p><a href=\"https:\/\/itgespub.net\/en\/hergar_discapacidad\/\" target=\"_blank\">Redes Sociales Digitales y Discapacidad. Desaf\u00edos para la Colaboraci\u00f3n y la Gesti\u00f3n P\u00fablica.<\/a><\/p>\n<ul>\n<\/ul>\n<\/div><\/div>\n\t\t\t\t\t\t\t\t\t<div class=\"elementor-tab-title elementor-tab-mobile-title\" aria-selected=\"false\" data-tab=\"2\" role=\"tab\" tabindex=\"-1\" aria-controls=\"elementor-tab-content-7692\" aria-expanded=\"false\">Transference<\/div>\n\t\t\t\t\t<div id=\"elementor-tab-content-7692\" class=\"elementor-tab-content elementor-clearfix\" data-tab=\"2\" role=\"tabpanel\" aria-labelledby=\"elementor-tab-title-7692\" tabindex=\"0\" hidden=\"hidden\"><p>We collaborate on transfer and innovation projects that add social value with different public administrations, including local\/municipal, regional, national\/federal, and international organizations. We adapt our approach to different types of projects in order to be aligned with the objectives and needs of each organization. &nbsp;<\/p><\/div>\n\t\t\t\t\t\t\t<\/div>\n\t\t<\/div>\n\t\t\t\t\t\t<\/div>\n\t\t\t\t<\/div>\n\t\t\t\t\t<\/div>\n\t\t<\/div>\n\t\t\t\t\t<\/div>\n\t\t<\/section>\n\t\t\t\t<\/div>","protected":false},"excerpt":{"rendered":"<p>Nuestro equipo est\u00e1 desarrollando, o ha desarrollado, proyectos [&hellip;]<\/p>\n","protected":false},"author":3,"featured_media":0,"parent":0,"menu_order":0,"comment_status":"closed","ping_status":"closed","template":"elementor_header_footer","meta":{"footnotes":""},"class_list":["post-963","page","type-page","status-publish","hentry"],"_links":{"self":[{"href":"https:\/\/itgespub.net\/en\/wp-json\/wp\/v2\/pages\/963","targetHints":{"allow":["GET"]}}],"collection":[{"href":"https:\/\/itgespub.net\/en\/wp-json\/wp\/v2\/pages"}],"about":[{"href":"https:\/\/itgespub.net\/en\/wp-json\/wp\/v2\/types\/page"}],"author":[{"embeddable":true,"href":"https:\/\/itgespub.net\/en\/wp-json\/wp\/v2\/users\/3"}],"replies":[{"embeddable":true,"href":"https:\/\/itgespub.net\/en\/wp-json\/wp\/v2\/comments?post=963"}],"version-history":[{"count":0,"href":"https:\/\/itgespub.net\/en\/wp-json\/wp\/v2\/pages\/963\/revisions"}],"wp:attachment":[{"href":"https:\/\/itgespub.net\/en\/wp-json\/wp\/v2\/media?parent=963"}],"curies":[{"name":"wp","href":"https:\/\/api.w.org\/{rel}","templated":true}]}}