{"id":891,"date":"2020-06-16T14:27:27","date_gmt":"2020-06-16T12:27:27","guid":{"rendered":"https:\/\/itgespub.net\/?page_id=891"},"modified":"2025-01-24T13:58:16","modified_gmt":"2025-01-24T11:58:16","slug":"contacto","status":"publish","type":"page","link":"https:\/\/itgespub.net\/en\/contacto\/","title":{"rendered":"Contact"},"content":{"rendered":"<div data-elementor-type=\"wp-page\" data-elementor-id=\"891\" class=\"elementor elementor-891\">\n\t\t\t\t\t\t<section class=\"elementor-section elementor-top-section elementor-element elementor-element-48aa18b elementor-section-boxed elementor-section-height-default elementor-section-height-default\" data-id=\"48aa18b\" data-element_type=\"section\" data-e-type=\"section\">\n\t\t\t\t\t\t<div class=\"elementor-container elementor-column-gap-default\">\n\t\t\t\t\t<div class=\"elementor-column elementor-col-66 elementor-top-column elementor-element elementor-element-6a219a9\" data-id=\"6a219a9\" data-element_type=\"column\" data-e-type=\"column\">\n\t\t\t<div class=\"elementor-widget-wrap elementor-element-populated\">\n\t\t\t\t\t\t<div class=\"elementor-element elementor-element-f88ce1e elementor-widget elementor-widget-text-editor\" data-id=\"f88ce1e\" data-element_type=\"widget\" data-e-type=\"widget\" data-widget_type=\"text-editor.default\">\n\t\t\t\t<div class=\"elementor-widget-container\">\n\t\t\t\t\t\t\t\t\t<h5 style=\"color: #000000;\"><strong>Innovation, Technology and Public Management Lab<\/strong><\/h5><div><span style=\"font-family: Calibri, sans-serif; font-size: medium;\">Building of Law, Politics and Economics, 1st floor. Department of Political Science and International Relations, Faculty of Law, Universidad Aut\u00f3noma de Madrid. C\/ Marie Curie, 1, Ciudad Universitaria de Cantoblanco, 28049, Madrid, Spain.\u00a0<\/span><br \/><span style=\"font-family: Calibri, sans-serif; font-size: medium;\"><br \/><\/span><span style=\"font-family: Calibri, sans-serif; font-size: medium;\">Telephone: +34\u00a0<\/span><span style=\"font-family: Calibri, sans-serif; font-size: medium;\">91 497 43 80<\/span><\/div>\t\t\t\t\t\t\t\t<\/div>\n\t\t\t\t<\/div>\n\t\t\t\t\t<\/div>\n\t\t<\/div>\n\t\t\t\t<div class=\"elementor-column elementor-col-33 elementor-top-column elementor-element elementor-element-362cc38\" data-id=\"362cc38\" data-element_type=\"column\" data-e-type=\"column\">\n\t\t\t<div class=\"elementor-widget-wrap elementor-element-populated\">\n\t\t\t\t\t\t<div class=\"elementor-element elementor-element-b5538db elementor-widget elementor-widget-google_maps\" data-id=\"b5538db\" data-element_type=\"widget\" data-e-type=\"widget\" data-widget_type=\"google_maps.default\">\n\t\t\t\t<div class=\"elementor-widget-container\">\n\t\t\t\t\t\t\t<div class=\"elementor-custom-embed\">\n\t\t\t<iframe loading=\"lazy\"\n\t\t\t\t\tsrc=\"https:\/\/maps.google.com\/maps?q=Universidad%20Aut%C3%B3noma%20de%20Madrid&#038;t=m&#038;z=10&#038;output=embed&#038;iwloc=near\"\n\t\t\t\t\ttitle=\"Autonoma University of Madrid\"\n\t\t\t\t\taria-label=\"Autonoma University of Madrid\"\n\t\t\t><\/iframe>\n\t\t<\/div>\n\t\t\t\t\t\t<\/div>\n\t\t\t\t<\/div>\n\t\t\t\t\t<\/div>\n\t\t<\/div>\n\t\t\t\t\t<\/div>\n\t\t<\/section>\n\t\t\t\t<section class=\"elementor-section elementor-top-section elementor-element elementor-element-0e80540 elementor-section-boxed elementor-section-height-default elementor-section-height-default\" data-id=\"0e80540\" data-element_type=\"section\" data-e-type=\"section\">\n\t\t\t\t\t\t<div class=\"elementor-container elementor-column-gap-default\">\n\t\t\t\t\t<div class=\"elementor-column elementor-col-100 elementor-top-column elementor-element elementor-element-0b6122b\" data-id=\"0b6122b\" data-element_type=\"column\" data-e-type=\"column\">\n\t\t\t<div class=\"elementor-widget-wrap elementor-element-populated\">\n\t\t\t\t\t\t<div class=\"elementor-element elementor-element-efa101f elementor-widget elementor-widget-spacer\" data-id=\"efa101f\" data-element_type=\"widget\" data-e-type=\"widget\" data-widget_type=\"spacer.default\">\n\t\t\t\t<div class=\"elementor-widget-container\">\n\t\t\t\t\t\t\t<div class=\"elementor-spacer\">\n\t\t\t<div class=\"elementor-spacer-inner\"><\/div>\n\t\t<\/div>\n\t\t\t\t\t\t<\/div>\n\t\t\t\t<\/div>\n\t\t\t\t\t<\/div>\n\t\t<\/div>\n\t\t\t\t\t<\/div>\n\t\t<\/section>\n\t\t\t\t<section class=\"elementor-section elementor-top-section elementor-element elementor-element-04231e6 elementor-section-boxed elementor-section-height-default elementor-section-height-default\" data-id=\"04231e6\" data-element_type=\"section\" data-e-type=\"section\">\n\t\t\t\t\t\t<div class=\"elementor-container elementor-column-gap-default\">\n\t\t\t\t\t<div class=\"elementor-column elementor-col-66 elementor-top-column elementor-element elementor-element-7931146\" data-id=\"7931146\" data-element_type=\"column\" data-e-type=\"column\">\n\t\t\t<div class=\"elementor-widget-wrap elementor-element-populated\">\n\t\t\t\t\t\t<div class=\"elementor-element elementor-element-0eefe48 elementor-widget elementor-widget-text-editor\" data-id=\"0eefe48\" data-element_type=\"widget\" data-e-type=\"widget\" data-widget_type=\"text-editor.default\">\n\t\t\t\t<div class=\"elementor-widget-container\">\n\t\t\t\t\t\t\t\t\t<p>Would you like to contact us?<\/p><p>Are you thinking of doing your PhD together with our team?<\/p><p>Would you be interested in collaborating with our research group?<\/p><p>You are working in the public sector and you want to know how we can help with your project, strategy, study, etc.?<\/p><p>Send us an email to <a href=\"mailto:itgespub@uam.es\"><b>itgespub@uam.es<\/b><\/a> and we will respond as soon as possible.<\/p>\t\t\t\t\t\t\t\t<\/div>\n\t\t\t\t<\/div>\n\t\t\t\t\t<\/div>\n\t\t<\/div>\n\t\t\t\t<div class=\"elementor-column elementor-col-33 elementor-top-column elementor-element elementor-element-c5a9cca\" data-id=\"c5a9cca\" data-element_type=\"column\" data-e-type=\"column\">\n\t\t\t<div class=\"elementor-widget-wrap elementor-element-populated\">\n\t\t\t\t\t\t<div class=\"elementor-element elementor-element-2a66794 elementor-widget elementor-widget-image\" data-id=\"2a66794\" data-element_type=\"widget\" data-e-type=\"widget\" data-widget_type=\"image.default\">\n\t\t\t\t<div class=\"elementor-widget-container\">\n\t\t\t\t\t\t\t\t\t\t\t\t\t\t\t<img fetchpriority=\"high\" decoding=\"async\" width=\"600\" height=\"450\" src=\"https:\/\/itgespub.net\/wp-content\/uploads\/2020\/06\/1_68.jpg\" class=\"elementor-animation-grow-rotate attachment-large size-large wp-image-943\" alt=\"\" srcset=\"https:\/\/itgespub.net\/wp-content\/uploads\/2020\/06\/1_68.jpg 600w, https:\/\/itgespub.net\/wp-content\/uploads\/2020\/06\/1_68-300x225.jpg 300w, https:\/\/itgespub.net\/wp-content\/uploads\/2020\/06\/1_68-230x173.jpg 230w, https:\/\/itgespub.net\/wp-content\/uploads\/2020\/06\/1_68-350x263.jpg 350w, https:\/\/itgespub.net\/wp-content\/uploads\/2020\/06\/1_68-480x360.jpg 480w\" sizes=\"(max-width: 600px) 100vw, 600px\" \/>\t\t\t\t\t\t\t\t\t\t\t\t\t\t\t<\/div>\n\t\t\t\t<\/div>\n\t\t\t\t\t<\/div>\n\t\t<\/div>\n\t\t\t\t\t<\/div>\n\t\t<\/section>\n\t\t\t\t<\/div>","protected":false},"excerpt":{"rendered":"<p>Lab Grupo de Investigaci\u00f3n Innovaci\u00f3n, Tecnolog\u00eda y Gesti\u00f3n [&hellip;]<\/p>\n","protected":false},"author":3,"featured_media":0,"parent":0,"menu_order":0,"comment_status":"closed","ping_status":"closed","template":"elementor_header_footer","meta":{"footnotes":""},"class_list":["post-891","page","type-page","status-publish","hentry"],"_links":{"self":[{"href":"https:\/\/itgespub.net\/en\/wp-json\/wp\/v2\/pages\/891","targetHints":{"allow":["GET"]}}],"collection":[{"href":"https:\/\/itgespub.net\/en\/wp-json\/wp\/v2\/pages"}],"about":[{"href":"https:\/\/itgespub.net\/en\/wp-json\/wp\/v2\/types\/page"}],"author":[{"embeddable":true,"href":"https:\/\/itgespub.net\/en\/wp-json\/wp\/v2\/users\/3"}],"replies":[{"embeddable":true,"href":"https:\/\/itgespub.net\/en\/wp-json\/wp\/v2\/comments?post=891"}],"version-history":[{"count":0,"href":"https:\/\/itgespub.net\/en\/wp-json\/wp\/v2\/pages\/891\/revisions"}],"wp:attachment":[{"href":"https:\/\/itgespub.net\/en\/wp-json\/wp\/v2\/media?parent=891"}],"curies":[{"name":"wp","href":"https:\/\/api.w.org\/{rel}","templated":true}]}}