{"id":2307,"date":"2024-02-05T16:08:54","date_gmt":"2024-02-05T14:08:54","guid":{"rendered":"https:\/\/itgespub.net\/?page_id=2307"},"modified":"2024-02-05T16:42:48","modified_gmt":"2024-02-05T14:42:48","slug":"ai_publicgov","status":"publish","type":"page","link":"https:\/\/itgespub.net\/en\/ai_publicgov\/","title":{"rendered":"AI_PUBLICGOV"},"content":{"rendered":"<div data-elementor-type=\"wp-page\" data-elementor-id=\"2307\" class=\"elementor elementor-2307\">\n\t\t\t\t\t\t<section class=\"elementor-section elementor-top-section elementor-element elementor-element-64fe70e elementor-section-boxed elementor-section-height-default elementor-section-height-default\" data-id=\"64fe70e\" data-element_type=\"section\" data-e-type=\"section\">\n\t\t\t\t\t\t<div class=\"elementor-container elementor-column-gap-default\">\n\t\t\t\t\t<div class=\"elementor-column elementor-col-100 elementor-top-column elementor-element elementor-element-df855c8\" data-id=\"df855c8\" data-element_type=\"column\" data-e-type=\"column\">\n\t\t\t<div class=\"elementor-widget-wrap elementor-element-populated\">\n\t\t\t\t\t\t<div class=\"elementor-element elementor-element-7f605a8 elementor-widget elementor-widget-text-editor\" data-id=\"7f605a8\" data-element_type=\"widget\" data-e-type=\"widget\" data-widget_type=\"text-editor.default\">\n\t\t\t\t<div class=\"elementor-widget-container\">\n\t\t\t\t\t\t\t\t\t<h3>Abriendo la caja negra de la gobernanza p\u00fablica mediada por algoritmos. Implicaciones de la Inteligencia Artificial en gobiernos, servicios p\u00fablicos y personas (AI_PUBLICGOV)<\/h3>\n<div><strong>Duration:<\/strong>&nbsp;14 de noviembre 2023-2027.&nbsp;<\/div>\n<div>&nbsp;<\/div>\n<div>\n<p><span style=\"font-weight: 600;\">Supported by:<\/span>&nbsp;Ministerio de Ciencia e Innovaci\u00f3n.&nbsp;<\/p>\n<p><span style=\"font-weight: 600;\">Reference:<\/span>&nbsp;PID2022-136283OB-I00.<\/p>\n<p><span style=\"font-weight: 600;\">Participants:<\/span>&nbsp;Universidad Aut\u00f3noma de Madrid y Universidad de Granada. Investigador principal: J. Ignacio Criado (UAM) y Manuel Pedro Rodr\u00edguez (UGR).<\/p>\n<p><span style=\"font-weight: 600;\">Team members:<\/span>&nbsp;Juli\u00e1n Villodre, Edgar Rubalcaba, Irene Liarte, Ariana Guevara y Carlos Jim\u00e9nez.<\/p>\n<div>\n<div><span style=\"font-weight: 600;\">Abstract:&nbsp;<\/span>Este proyecto de investigaci\u00f3n propone el an\u00e1lisis sistem\u00e1tico y emp\u00edrico, con aspiraci\u00f3n de generaci\u00f3n de teor\u00eda, de la implementaci\u00f3n de sistemas de inteligencia artificial (IA) en el sector p\u00fablico, abordando de manera integral el impacto de la IA en tres niveles: macro (pol\u00edtica y dise\u00f1o institucional), meso<br>(organizaciones p\u00fablicas y servicios), y micro (relaci\u00f3n de la IA con empleados p\u00fablicos y ciudadanos). Investigaciones previas sugieren que el desarrollo y la aplicaci\u00f3n de IA en el contexto del sector p\u00fablico, si bien pueden generar nuevas oportunidades y tienen el potencial de transformar gobiernos y administraciones p\u00fablicas y su interacci\u00f3n con la ciudadan\u00eda, presentan tambi\u00e9n potenciales desaf\u00edos para la privacidad, la inclusi\u00f3n y la diversidad, as\u00ed como el control de los datos personales, entre otros.<\/div>\n<div>&nbsp;<\/div>\n<p class=\"MsoNormal\"><span lang=\"ES\">Este proyecto responde a la creciente relevancia de la IA en el \u00e1mbito p\u00fablico y la necesidad de comprender su impacto en diferentes niveles. La hip\u00f3tesis de partida sostiene que la utilizaci\u00f3n de herramientas basadas en IA podr\u00eda significar una transformaci\u00f3n en los modelos de gobernanza y gesti\u00f3n p\u00fablica, dando lugar a la<br>emergencia de paradigmas como la gobernanza algor\u00edtmica. Los objetivos principales incluyen:&nbsp;<\/span>a) Analizar las estrategias de gobernanza de la IA en Espa\u00f1a y los estados miembros de la UE; b) explorar la promulgaci\u00f3n e institucionalizaci\u00f3n de la IA en organizaciones p\u00fablicas y su variabilidad en las diferentes \u00e1reas de servicios; c) identificar y analizar los efectos de la IA y los algoritmos en la toma de decisiones y el trabajo de los empleados p\u00fablicos, as\u00ed como en la confianza de los ciudadanos que utilizan dichos servicios; d) avanzar en la caracterizaci\u00f3n de la gobernanza algor\u00edtmica como un nuevo paradigma en la administraci\u00f3n p\u00fablica. Este enfoque multidimensional busca contribuir significativamente al entendimiento de la interacci\u00f3n entre la IA y la gobernanza p\u00fablica.<\/p>\n<p class=\"MsoNormal\"><span lang=\"ES\">Teniendo en cuenta todo lo anterior, el proyecto se despliega en torno a los cuatro objetivos identificados, centrados en el an\u00e1lisis de implementaci\u00f3n y utilizaci\u00f3n de IA en los diferentes niveles de gobierno. Cada uno de los objetivos presenta una serie de actividades y tareas asociadas, junto a su personal responsable, espacio temporal de desarrollo y entregables esperados. Metodol\u00f3gicamente, es un proyecto que combina t\u00e9cnicas cuantitativas y cualitativas, siendo especialmente innovador a trav\u00e9s del uso de la organizaci\u00f3n de grupos focales y m\u00e9todos experimentales. <\/span><\/p>\n<p class=\"MsoNormal\"><span lang=\"ES\">Se trata de un proyecto de investigaci\u00f3n con resultados que se espera alcancen un alto nivel de impacto teniendo en cuenta el contexto de elevado desarrollo tecnol\u00f3gico en el que se desenvuelven las sociedades actuales. De hecho, la consecuci\u00f3n del proyecto se encuentra en plena ola de reflexi\u00f3n, planteamiento y aplicaci\u00f3n de normativa por parte de la UE. A su vez, se trata tambi\u00e9n de un proyecto que pretende un alto impacto econ\u00f3mico y social para las ciudades espa\u00f1olas, as\u00ed como la transferencia de los resultados hacia los gobiernos y administraciones p\u00fablicas. Adicionalmente, el equipo de investigaci\u00f3n que desarrollar\u00e1 el<br>proyecto es coherente, pertenece a \u00e1mbitos disciplinares complementarios, y dispone de demostrada capacidad formativa (se solicita personal pre-doctoral en formaci\u00f3n) y potencial de internacionalizaci\u00f3n.<\/span><\/p>\n<\/div>\n<\/div>\t\t\t\t\t\t\t\t<\/div>\n\t\t\t\t<\/div>\n\t\t\t\t\t<\/div>\n\t\t<\/div>\n\t\t\t\t\t<\/div>\n\t\t<\/section>\n\t\t\t\t<\/div>","protected":false},"excerpt":{"rendered":"<p>Abriendo la caja negra de la gobernanza p\u00fablica [&hellip;]<\/p>\n","protected":false},"author":8,"featured_media":0,"parent":0,"menu_order":0,"comment_status":"closed","ping_status":"closed","template":"elementor_header_footer","meta":{"footnotes":""},"class_list":["post-2307","page","type-page","status-publish","hentry"],"_links":{"self":[{"href":"https:\/\/itgespub.net\/en\/wp-json\/wp\/v2\/pages\/2307","targetHints":{"allow":["GET"]}}],"collection":[{"href":"https:\/\/itgespub.net\/en\/wp-json\/wp\/v2\/pages"}],"about":[{"href":"https:\/\/itgespub.net\/en\/wp-json\/wp\/v2\/types\/page"}],"author":[{"embeddable":true,"href":"https:\/\/itgespub.net\/en\/wp-json\/wp\/v2\/users\/8"}],"replies":[{"embeddable":true,"href":"https:\/\/itgespub.net\/en\/wp-json\/wp\/v2\/comments?post=2307"}],"version-history":[{"count":0,"href":"https:\/\/itgespub.net\/en\/wp-json\/wp\/v2\/pages\/2307\/revisions"}],"wp:attachment":[{"href":"https:\/\/itgespub.net\/en\/wp-json\/wp\/v2\/media?parent=2307"}],"curies":[{"name":"wp","href":"https:\/\/api.w.org\/{rel}","templated":true}]}}