{"id":1595,"date":"2021-09-01T12:32:26","date_gmt":"2021-09-01T10:32:26","guid":{"rendered":"https:\/\/itgespub.net\/?page_id=1595"},"modified":"2021-09-01T12:37:14","modified_gmt":"2021-09-01T10:37:14","slug":"proyecto_alternativas_ai_luciaariana","status":"publish","type":"page","link":"https:\/\/itgespub.net\/en\/proyecto_alternativas_ai_luciaariana\/","title":{"rendered":"PROYECTO_ALTERNATIVAS_AI_LUCIAARIANA"},"content":{"rendered":"<div data-elementor-type=\"wp-page\" data-elementor-id=\"1595\" class=\"elementor elementor-1595\">\n\t\t\t\t\t\t<section class=\"elementor-section elementor-top-section elementor-element elementor-element-a0e5fa5 elementor-section-boxed elementor-section-height-default elementor-section-height-default\" data-id=\"a0e5fa5\" data-element_type=\"section\" data-e-type=\"section\">\n\t\t\t\t\t\t<div class=\"elementor-container elementor-column-gap-default\">\n\t\t\t\t\t<div class=\"elementor-column elementor-col-100 elementor-top-column elementor-element elementor-element-f2df446\" data-id=\"f2df446\" data-element_type=\"column\" data-e-type=\"column\">\n\t\t\t<div class=\"elementor-widget-wrap elementor-element-populated\">\n\t\t\t\t\t\t<div class=\"elementor-element elementor-element-7f200d7 elementor-widget elementor-widget-text-editor\" data-id=\"7f200d7\" data-element_type=\"widget\" data-e-type=\"widget\" data-widget_type=\"text-editor.default\">\n\t\t\t\t<div class=\"elementor-widget-container\">\n\t\t\t\t\t\t\t\t\t<h3><strong>El papel de la Inteligencia Artificial en la igualdad de g\u00e9nero: un an\u00e1lisis comparado entre la UE, Suecia y Espa\u00f1a<\/strong><\/h3>\n<p><strong>Duration:<\/strong> de Enero a Agosto, 2020.<br><\/p>\n<p><strong>Supported by:<\/strong> Fundaci\u00f3n Alternativas.<br><\/p>\n<p><strong>Participants:<\/strong> Universidad Aut\u00f3noma de Madrid.<\/p>\n<p><strong>Team members:<\/strong> Ariana Guevara y Luc\u00eda Ortiz de Z\u00e1rate<br><\/p>\n<div>\n<div><strong>Abstract: <\/strong><span>El documento se centra \nespec\u00edficamente en los riesgos y oportunidades que ofrece la IA para la \nigualdad de g\u00e9nero. En primer lugar, el v\u00ednculo entre el desarrollo de \nla IA y las cuestiones de g\u00e9nero s\u00f3lo es posible si se considera una \nperspectiva socio-t\u00e9cnica de la tecnolog\u00eda, entendiendo que una relaci\u00f3n\n entre el dise\u00f1o de los avances tecnol\u00f3gicos y\nlos asuntos sociales y \u00e9ticos que se asocian a ellos. Si se habla, \nadem\u00e1s, de unos sistemas que emulan ciertas caracter\u00edsticas de la \ninteligencia humana, no es posible desligar estos desarrollos de los \nvalores \u00e9ticos de la sociedad en el caso concreto de Europa y Espa\u00f1a. Se\n ofrecen cinco recomendaciones para concretar y profundizar en las \npropuestas generales que ha hecho Espa\u00f1a en relaci\u00f3n con el g\u00e9nero y la \nIA: 1) la elaboraci\u00f3n de gu\u00edas para la implementaci\u00f3n de la IA en las \nadministraciones p\u00fablicas (AAPP)\ncon una perspectiva de g\u00e9nero; 2) la elaboraci\u00f3n de un informe anual o \nbianual de IA con perspectiva de g\u00e9nero, que contenga cifras y datos \nsobre el avance de proyectos que incluyan este enfoque;3) IA contra la \nviolencia de g\u00e9nero, mediante el dise\u00f1o e implementaci\u00f3n de un chatbot \npara ayudar a las mujeres que sufren violencia de g\u00e9nero; 4) IA contra \nla brecha salarial de g\u00e9nero, impulsando el desarrollo de sistemas de IA\n para favorecer la transparencia retributiva en las empresas; 5) IA para\n favorecer la salud de las mujeres, dise\u00f1ando e implementando un chatbot\n para ayudar a las mujeres a resolver sus dudas sobre salud.<\/span><\/div>\n<div>&nbsp;<\/div>\n<\/div>\t\t\t\t\t\t\t\t<\/div>\n\t\t\t\t<\/div>\n\t\t\t\t\t<\/div>\n\t\t<\/div>\n\t\t\t\t\t<\/div>\n\t\t<\/section>\n\t\t\t\t<\/div>","protected":false},"excerpt":{"rendered":"<p>El papel de la Inteligencia Artificial en la [&hellip;]<\/p>\n","protected":false},"author":8,"featured_media":0,"parent":0,"menu_order":0,"comment_status":"closed","ping_status":"closed","template":"elementor_header_footer","meta":{"footnotes":""},"class_list":["post-1595","page","type-page","status-publish","hentry"],"_links":{"self":[{"href":"https:\/\/itgespub.net\/en\/wp-json\/wp\/v2\/pages\/1595","targetHints":{"allow":["GET"]}}],"collection":[{"href":"https:\/\/itgespub.net\/en\/wp-json\/wp\/v2\/pages"}],"about":[{"href":"https:\/\/itgespub.net\/en\/wp-json\/wp\/v2\/types\/page"}],"author":[{"embeddable":true,"href":"https:\/\/itgespub.net\/en\/wp-json\/wp\/v2\/users\/8"}],"replies":[{"embeddable":true,"href":"https:\/\/itgespub.net\/en\/wp-json\/wp\/v2\/comments?post=1595"}],"version-history":[{"count":0,"href":"https:\/\/itgespub.net\/en\/wp-json\/wp\/v2\/pages\/1595\/revisions"}],"wp:attachment":[{"href":"https:\/\/itgespub.net\/en\/wp-json\/wp\/v2\/media?parent=1595"}],"curies":[{"name":"wp","href":"https:\/\/api.w.org\/{rel}","templated":true}]}}