{"id":1164,"date":"2020-08-02T13:41:44","date_gmt":"2020-08-02T11:41:44","guid":{"rendered":"https:\/\/itgespub.net\/?page_id=1164"},"modified":"2020-09-25T12:25:09","modified_gmt":"2020-09-25T10:25:09","slug":"hergar_discapacidad","status":"publish","type":"page","link":"https:\/\/itgespub.net\/en\/hergar_discapacidad\/","title":{"rendered":"HERGAR_DISCAPACIDAD"},"content":{"rendered":"<div data-elementor-type=\"wp-page\" data-elementor-id=\"1164\" class=\"elementor elementor-1164\">\n\t\t\t\t\t\t<section class=\"elementor-section elementor-top-section elementor-element elementor-element-4f25498d elementor-section-boxed elementor-section-height-default elementor-section-height-default\" data-id=\"4f25498d\" data-element_type=\"section\" data-e-type=\"section\">\n\t\t\t\t\t\t<div class=\"elementor-container elementor-column-gap-default\">\n\t\t\t\t\t<div class=\"elementor-column elementor-col-100 elementor-top-column elementor-element elementor-element-23f31a88\" data-id=\"23f31a88\" data-element_type=\"column\" data-e-type=\"column\">\n\t\t\t<div class=\"elementor-widget-wrap elementor-element-populated\">\n\t\t\t\t\t\t<div class=\"elementor-element elementor-element-67d890c5 elementor-widget elementor-widget-text-editor\" data-id=\"67d890c5\" data-element_type=\"widget\" data-e-type=\"widget\" data-widget_type=\"text-editor.default\">\n\t\t\t\t<div class=\"elementor-widget-container\">\n\t\t\t\t\t\t\t\t\t<p><\/p>\n<h3 class=\"wp-block-heading\"><strong>Redes Sociales Digitales y Discapacidad. Desaf\u00edos para la Colaboraci\u00f3n y la Gesti\u00f3n P\u00fablica.<\/strong><\/h3>\n<p><\/p>\n<p><\/p>\n<p><b>Abstract:<\/b>&nbsp;This research aims to conduct a study about two concepts: digital social networks and disability. Specifically, we wanted to know more about the potential that digital social networks represent for the disability ecosystem in general, as well as for disabled people in particular. Specifically, it is intended to make an approximation to the reality of social technologies and disability, through an exhaustive analysis of social media adoption on organizations related to disability in Spain. Additionally, it is intended to identify in which situation of maturity the use of social media is within these organizations. And, at the same time, to identify success cases. Complementarily, it is intended to conduct a feasibility analysis to explore the development of a social media specialized in disability, as there are in other sectoral areas.<\/p>\n<p><\/p>\t\t\t\t\t\t\t\t<\/div>\n\t\t\t\t<\/div>\n\t\t\t\t\t<\/div>\n\t\t<\/div>\n\t\t\t\t\t<\/div>\n\t\t<\/section>\n\t\t\t\t<\/div>","protected":false},"excerpt":{"rendered":"<p>Redes Sociales Digitales y Discapacidad. Desaf\u00edos para la [&hellip;]<\/p>\n","protected":false},"author":3,"featured_media":0,"parent":0,"menu_order":0,"comment_status":"closed","ping_status":"closed","template":"elementor_header_footer","meta":{"footnotes":""},"class_list":["post-1164","page","type-page","status-publish","hentry"],"_links":{"self":[{"href":"https:\/\/itgespub.net\/en\/wp-json\/wp\/v2\/pages\/1164","targetHints":{"allow":["GET"]}}],"collection":[{"href":"https:\/\/itgespub.net\/en\/wp-json\/wp\/v2\/pages"}],"about":[{"href":"https:\/\/itgespub.net\/en\/wp-json\/wp\/v2\/types\/page"}],"author":[{"embeddable":true,"href":"https:\/\/itgespub.net\/en\/wp-json\/wp\/v2\/users\/3"}],"replies":[{"embeddable":true,"href":"https:\/\/itgespub.net\/en\/wp-json\/wp\/v2\/comments?post=1164"}],"version-history":[{"count":0,"href":"https:\/\/itgespub.net\/en\/wp-json\/wp\/v2\/pages\/1164\/revisions"}],"wp:attachment":[{"href":"https:\/\/itgespub.net\/en\/wp-json\/wp\/v2\/media?parent=1164"}],"curies":[{"name":"wp","href":"https:\/\/api.w.org\/{rel}","templated":true}]}}