{"id":1159,"date":"2020-08-02T13:38:05","date_gmt":"2020-08-02T11:38:05","guid":{"rendered":"https:\/\/itgespub.net\/?page_id=1159"},"modified":"2020-09-29T12:13:26","modified_gmt":"2020-09-29T10:13:26","slug":"inap_externalizacion_anne","status":"publish","type":"page","link":"https:\/\/itgespub.net\/en\/inap_externalizacion_anne\/","title":{"rendered":"INAP_EXTERNALIZACI\u00d3N_ANNE"},"content":{"rendered":"<div data-elementor-type=\"wp-page\" data-elementor-id=\"1159\" class=\"elementor elementor-1159\">\n\t\t\t\t\t\t<section class=\"elementor-section elementor-top-section elementor-element elementor-element-118ca4ab elementor-section-boxed elementor-section-height-default elementor-section-height-default\" data-id=\"118ca4ab\" data-element_type=\"section\" data-e-type=\"section\">\n\t\t\t\t\t\t<div class=\"elementor-container elementor-column-gap-default\">\n\t\t\t\t\t<div class=\"elementor-column elementor-col-100 elementor-top-column elementor-element elementor-element-10282677\" data-id=\"10282677\" data-element_type=\"column\" data-e-type=\"column\">\n\t\t\t<div class=\"elementor-widget-wrap elementor-element-populated\">\n\t\t\t\t\t\t<div class=\"elementor-element elementor-element-edb4254 elementor-widget elementor-widget-text-editor\" data-id=\"edb4254\" data-element_type=\"widget\" data-e-type=\"widget\" data-widget_type=\"text-editor.default\">\n\t\t\t\t<div class=\"elementor-widget-container\">\n\t\t\t\t\t\t\t\t\t<p><\/p>\n<h3 class=\"wp-block-heading\"><strong>La capacidad gerencial en los casos de externalizaci\u00f3n de servicios. Un an\u00e1lisis de las habilidades de los actores p\u00fablicos y privados en el \u00e1mbito local.<\/strong><\/h3>\n<p><\/p>\n<p><\/p>\n<p><b>Abstract:<\/b> Although the quality of contract management is acknowledged to be important for a proper provision of outsourced public services, we know very little about the factors that positively or negatively influence contract management. Therefore, this study aims to understand how public managers perceive the quality of the way in which they manage contracts and to find out what factors facilitate or hinder proper contract management.<br><\/p>\n<p><\/p>\t\t\t\t\t\t\t\t<\/div>\n\t\t\t\t<\/div>\n\t\t\t\t\t<\/div>\n\t\t<\/div>\n\t\t\t\t\t<\/div>\n\t\t<\/section>\n\t\t\t\t<\/div>","protected":false},"excerpt":{"rendered":"<p>La capacidad gerencial en los casos de externalizaci\u00f3n [&hellip;]<\/p>\n","protected":false},"author":3,"featured_media":0,"parent":0,"menu_order":0,"comment_status":"closed","ping_status":"closed","template":"elementor_header_footer","meta":{"footnotes":""},"class_list":["post-1159","page","type-page","status-publish","hentry"],"_links":{"self":[{"href":"https:\/\/itgespub.net\/en\/wp-json\/wp\/v2\/pages\/1159","targetHints":{"allow":["GET"]}}],"collection":[{"href":"https:\/\/itgespub.net\/en\/wp-json\/wp\/v2\/pages"}],"about":[{"href":"https:\/\/itgespub.net\/en\/wp-json\/wp\/v2\/types\/page"}],"author":[{"embeddable":true,"href":"https:\/\/itgespub.net\/en\/wp-json\/wp\/v2\/users\/3"}],"replies":[{"embeddable":true,"href":"https:\/\/itgespub.net\/en\/wp-json\/wp\/v2\/comments?post=1159"}],"version-history":[{"count":0,"href":"https:\/\/itgespub.net\/en\/wp-json\/wp\/v2\/pages\/1159\/revisions"}],"wp:attachment":[{"href":"https:\/\/itgespub.net\/en\/wp-json\/wp\/v2\/media?parent=1159"}],"curies":[{"name":"wp","href":"https:\/\/api.w.org\/{rel}","templated":true}]}}